{"id":1276,"date":"2026-02-15T12:46:55","date_gmt":"2026-02-15T11:46:55","guid":{"rendered":"https:\/\/nadace.gymspk.cz\/?page_id=1276"},"modified":"2026-03-09T14:24:47","modified_gmt":"2026-03-09T13:24:47","slug":"impuls-gymspk-studentske-granty","status":"publish","type":"page","link":"https:\/\/nadace.gymspk.cz\/?page_id=1276","title":{"rendered":"IMPULS GYMSPK &#8211; studentsk\u00e9 granty"},"content":{"rendered":"\n<figure class=\"wp-block-image size-full\"><img fetchpriority=\"high\" decoding=\"async\" width=\"851\" height=\"315\" src=\"https:\/\/nadace.gymspk.cz\/wp-content\/uploads\/2026\/02\/Formulare-zahlavi-Uvodni-fotka-na-Facebooku.png\" alt=\"\" class=\"wp-image-1316\" srcset=\"https:\/\/nadace.gymspk.cz\/wp-content\/uploads\/2026\/02\/Formulare-zahlavi-Uvodni-fotka-na-Facebooku.png 851w, https:\/\/nadace.gymspk.cz\/wp-content\/uploads\/2026\/02\/Formulare-zahlavi-Uvodni-fotka-na-Facebooku-300x111.png 300w, https:\/\/nadace.gymspk.cz\/wp-content\/uploads\/2026\/02\/Formulare-zahlavi-Uvodni-fotka-na-Facebooku-768x284.png 768w, https:\/\/nadace.gymspk.cz\/wp-content\/uploads\/2026\/02\/Formulare-zahlavi-Uvodni-fotka-na-Facebooku-848x315.png 848w\" sizes=\"(max-width: 851px) 100vw, 851px\" \/><\/figure>\n\n\n\n<p><em><strong>Tv\u016fj n\u00e1pad. N\u00e1\u0161 impuls. Spole\u010dn\u00fd c\u00edl.<\/strong><\/em><\/p>\n\n\n\n<p>M\u00e1\u0161 sen, projekt nebo aktivitu, kter\u00e1 t\u011b posouv\u00e1 d\u00e1l, ale chyb\u00ed ti k n\u00ed ten posledn\u00ed \u201enakop\u00e1vac\u00ed\u201c impuls? <strong>Nada\u010dn\u00ed fond p\u0159i Gymn\u00e1ziu \u0160umperk<\/strong> otev\u00edr\u00e1 unik\u00e1tn\u00ed grantov\u00fd program pro v\u0161echny, kte\u0159\u00ed cht\u011bj\u00ed v\u00edc ne\u017e jen sed\u011bt v lavici.<\/p>\n\n\n\n<p>Nez\u00e1le\u017e\u00ed na tom, jestli jsi budouc\u00ed v\u011bdec, vrcholov\u00fd sportovec, nad\u011bjn\u00e1 um\u011blkyn\u011b nebo influencer s viz\u00ed. My nehled\u00e1me jen hotov\u00e9 \u00fasp\u011bchy, hled\u00e1me <strong>odvahu za\u010d\u00edt<\/strong>.<\/p>\n\n\n\n<div class=\"wp-block-media-text has-media-on-the-right is-stacked-on-mobile\"><div class=\"wp-block-media-text__content\">\n<p><strong>Studentsk\u00e9 granty pilotujeme d\u00edky v\u00fdjime\u010dn\u00e9 spolupr\u00e1ci se spole\u010dnost\u00ed Nemocnice \u0160umperk a.s.<\/strong><\/p>\n<\/div><figure class=\"wp-block-media-text__media\"><a href=\"https:\/\/www.nemocnicesumperk.cz\/\" target=\"_blank\" rel=\" noreferrer noopener\"><img decoding=\"async\" width=\"1024\" height=\"276\" src=\"https:\/\/nadace.gymspk.cz\/wp-content\/uploads\/2025\/11\/logo_nemocnice_sumperk-1024x276.png\" alt=\"\" class=\"wp-image-984 size-full\" srcset=\"https:\/\/nadace.gymspk.cz\/wp-content\/uploads\/2025\/11\/logo_nemocnice_sumperk-1024x276.png 1024w, https:\/\/nadace.gymspk.cz\/wp-content\/uploads\/2025\/11\/logo_nemocnice_sumperk-300x81.png 300w, https:\/\/nadace.gymspk.cz\/wp-content\/uploads\/2025\/11\/logo_nemocnice_sumperk-768x207.png 768w, https:\/\/nadace.gymspk.cz\/wp-content\/uploads\/2025\/11\/logo_nemocnice_sumperk-1536x414.png 1536w, https:\/\/nadace.gymspk.cz\/wp-content\/uploads\/2025\/11\/logo_nemocnice_sumperk.png 1860w\" sizes=\"(max-width: 1024px) 100vw, 1024px\" \/><\/a><\/figure><\/div>\n\n\n\n<div style=\"height:31px\" aria-hidden=\"true\" class=\"wp-block-spacer\"><\/div>\n\n\n\n<h2 class=\"wp-block-heading\">Na co m\u016f\u017ee\u0161 z\u00edskat a\u017e 20 000 K\u010d?<\/h2>\n\n\n\n<p>Vlastn\u011b na cokoliv! Mus\u00ed to d\u00e1vat smysl a pom\u016f\u017ee ti to v rozvoji tv\u00e9ho talentu, dovednosti, v\u00e1\u0161n\u011b. <\/p>\n\n\n\n<p><strong><em>My hranice nekresl\u00edme \u2013 ty si je ur\u010duje\u0161 s\u00e1m\/sama.<\/em><\/strong><\/p>\n\n\n\n<figure class=\"wp-block-image size-large is-resized\"><img decoding=\"async\" width=\"1024\" height=\"684\" src=\"https:\/\/nadace.gymspk.cz\/wp-content\/uploads\/2026\/02\/DSC_9483-1024x684.jpg\" alt=\"\" class=\"wp-image-1284\" style=\"width:521px;height:auto\" srcset=\"https:\/\/nadace.gymspk.cz\/wp-content\/uploads\/2026\/02\/DSC_9483-1024x684.jpg 1024w, https:\/\/nadace.gymspk.cz\/wp-content\/uploads\/2026\/02\/DSC_9483-300x200.jpg 300w, https:\/\/nadace.gymspk.cz\/wp-content\/uploads\/2026\/02\/DSC_9483-768x513.jpg 768w, https:\/\/nadace.gymspk.cz\/wp-content\/uploads\/2026\/02\/DSC_9483-1536x1025.jpg 1536w, https:\/\/nadace.gymspk.cz\/wp-content\/uploads\/2026\/02\/DSC_9483-2048x1367.jpg 2048w\" sizes=\"(max-width: 1024px) 100vw, 1024px\" \/><\/figure>\n\n\n\n<div class=\"wp-block-buttons is-content-justification-space-between is-layout-flex wp-container-core-buttons-is-layout-3d213aab wp-block-buttons-is-layout-flex\">\n<div class=\"wp-block-button\"><a class=\"wp-block-button__link wp-element-button\" href=\"https:\/\/forms.gle\/RgdSjpEtioaQszmd8\" target=\"_blank\" rel=\"noreferrer noopener\">CHCI ZA\u017d\u00c1DAT O GRANT IMPULS<\/a><\/div>\n<\/div>\n\n\n\n<div style=\"height:43px\" aria-hidden=\"true\" class=\"wp-block-spacer\"><\/div>\n\n\n\n<p><strong>Pro inspiraci:<\/strong><\/p>\n\n\n\n<ul class=\"wp-block-list\">\n<li><strong>STUDIUM A V\u011aDA<\/strong>\n<ul class=\"wp-block-list\">\n<li>materi\u00e1l na vlastn\u00ed v\u00fdzkum v SO\u010c (St\u0159edo\u0161kolsk\u00e1 odborn\u00e1 \u010dinnost), <\/li>\n\n\n\n<li>\u00fa\u010dast na vzd\u011bl\u00e1vac\u00edm t\u00e1bo\u0159e, st\u00e1\u017ei, konferenci, sout\u011b\u017ei,<\/li>\n\n\n\n<li>kurz, kter\u00fd t\u011b nau\u010d\u00ed programovat,<\/li>\n\n\n\n<li>drah\u00e1 odborn\u00e1 literatura, pom\u016fcky, vybaven\u00ed&#8230;<\/li>\n<\/ul>\n<\/li>\n\n\n\n<li><strong>SPORT<\/strong>\n<ul class=\"wp-block-list\">\n<li>sportovn\u00ed soust\u0159ed\u011bn\u00ed, <\/li>\n\n\n\n<li>\u0161pi\u010dkov\u00e9 vybaven\u00ed, <\/li>\n\n\n\n<li>individu\u00e1ln\u00ed tren\u00e9r nebo t\u0159eba slu\u017eby fyzioterapeuta&#8230;<\/li>\n<\/ul>\n<\/li>\n\n\n\n<li><strong>UM\u011aN\u00cd A KREATIVITA<\/strong>\n<ul class=\"wp-block-list\">\n<li>pron\u00e1jem ateli\u00e9ru, <\/li>\n\n\n\n<li>n\u00e1kup n\u00e1stroje, <\/li>\n\n\n\n<li>technika pro nat\u00e1\u010den\u00ed tv\u00e9ho YouTube kan\u00e1lu, <\/li>\n\n\n\n<li>nebo materi\u00e1l na tvou prvn\u00ed v\u00fdstavu&#8230;<\/li>\n<\/ul>\n<\/li>\n\n\n\n<li><strong>OSOBNOSTN\u00cd ROZVOJ<\/strong>\n<ul class=\"wp-block-list\">\n<li>rozvojov\u00e9 kurzy &#8211; r\u00e9torika, prezenta\u010dn\u00ed dovednosti, time-management,<\/li>\n\n\n\n<li>zahrani\u010dn\u00ed zku\u0161enost<\/li>\n\n\n\n<li>rozvoj v oblasti leadershipu&#8230;<\/li>\n<\/ul>\n<\/li>\n\n\n\n<li><strong>KOMUNITN\u00cd PROJEKTY<\/strong>\n<ul class=\"wp-block-list\">\n<li>Chce\u0161 uspo\u0159\u00e1dat charitativn\u00ed akci, ekologick\u00fd workshop, nebo studentsk\u00fd festival? My ti pom\u016f\u017eeme s rozjezdem.<\/li>\n<\/ul>\n<\/li>\n\n\n\n<li><strong>Jsou to jen p\u0159\u00edklady. Sami jsme zv\u011bdav\u00ed, co vymysl\u00edte!<\/strong><\/li>\n<\/ul>\n\n\n\n<h3 class=\"wp-block-heading\">Jak to funguje?<\/h3>\n\n\n\n<ol start=\"1\" class=\"wp-block-list\">\n<li><strong>M\u011bj vizi:<\/strong> Sta\u010d\u00ed v\u011bd\u011bt, co chce\u0161 ud\u011blat a jak t\u011b to posune d\u00e1l.<\/li>\n\n\n\n<li><strong><a href=\"https:\/\/forms.gle\/C4sVDY1juLZFEHmg8\" target=\"_blank\" rel=\"noreferrer noopener\">P\u0159ij\u010f na prezentaci grant\u016f 5.3.2026 &#8211; 3. hodinu ve t\u0159\u00edd\u011b 161 &#8211; zapi\u0161 se zde:<\/a><\/strong> Nen\u00ed to nutn\u00e9, ale m\u016f\u017ee\u0161 l\u00e9pe pochopit, jak to funguje a rovnou se poptat na sv\u016fj n\u00e1pad.<\/li>\n\n\n\n<li><strong>Po\u0161li \u017e\u00e1dost do p\u016flnoci 20.3.2026:<\/strong> Vypl\u0148 <a href=\"https:\/\/forms.gle\/eSymBAi4WY2horWA9\">jednoduch\u00fd formul\u00e1\u0159<\/a>, kde n\u00e1m pop\u00ed\u0161e\u0161 sv\u016fj c\u00edl a odhadne\u0161 rozpo\u010det.<\/li>\n\n\n\n<li><strong>P\u0159esv\u011bd\u010d n\u00e1s 8.4.2026:<\/strong> Kr\u00e1tce n\u00e1m sv\u016fj z\u00e1m\u011br osobn\u011b p\u0159edstav\u00ed\u0161. Nehledej v tom zkou\u0161en\u00ed, sp\u00ed\u0161 ti chceme pomoci spr\u00e1vn\u011b nastavit c\u00edle a zjistit, jestli je grant pro tebe vhodn\u00fd sm\u011br. <\/li>\n\n\n\n<li><strong>Rada Nada\u010dn\u00edho fondu rozhodne<\/strong>: \u010clenov\u00e9 rady zv\u00e1\u017e\u00ed po setk\u00e1n\u00ed se studenty v\u0161echny \u017e\u00e1dosti a rozhodne o p\u0159id\u011blen\u00ed grant\u016f.<\/li>\n\n\n\n<li><strong>Realizuj do 30.10.2026.:<\/strong> Jakmile grant schv\u00e1l\u00edme, m\u016f\u017ee\u0161 se pustit do pr\u00e1ce.<\/li>\n<\/ol>\n\n\n\n<h3 class=\"wp-block-heading\">Pro\u010d do toho j\u00edt?<\/h3>\n\n\n\n<p>Nejde jen o pen\u00edze. Nau\u010d\u00ed\u0161 se, jak postavit projekt, jak o n\u011bm mluvit a jak dotahovat v\u011bci do konce. To jsou zku\u0161enosti, kter\u00e9 ti u p\u0159ij\u00edma\u010dek na vysokou nebo v budouc\u00ed pr\u00e1ci daj\u00ed velk\u00fd n\u00e1skok.<\/p>\n\n\n\n<div class=\"wp-block-buttons is-layout-flex wp-block-buttons-is-layout-flex\">\n<div class=\"wp-block-button\"><a class=\"wp-block-button__link wp-element-button\" href=\"https:\/\/forms.gle\/RgdSjpEtioaQszmd8\" target=\"_blank\" rel=\"noreferrer noopener\">CHCI ZA\u017d\u00c1DAT O GRANT IMPULS<\/a><\/div>\n<\/div>\n\n\n\n<div style=\"height:51px\" aria-hidden=\"true\" class=\"wp-block-spacer\"><\/div>\n\n\n\n<p>V p\u0159\u00edpad\u011b jak\u00fdchkoliv dotaz\u016f se obra\u0165te na:<\/p>\n\n\n\n<p><strong>Ond\u0159ej Hampl<\/strong> &#8211; koordin\u00e1tor aktivit Nada\u010dn\u00edho fondu<\/p>\n\n\n\n<ul class=\"wp-block-list\">\n<li>hampl@gymspk.cz<\/li>\n\n\n\n<li>721 566 543<\/li>\n<\/ul>\n\n\n\n<h2 class=\"wp-block-heading\"><em>\u010casto kladen\u00e9 dotazy (FAQ)<\/em><\/h2>\n\n\n\n<p>M\u00e1\u0161 ot\u00e1zky k na\u0161im studentsk\u00fdm grant\u016fm? Tady najde\u0161 odpov\u011bdi na ty nej\u010dast\u011bj\u0161\u00ed. Pokud tu svou nenajde\u0161, napi\u0161 n\u00e1m p\u0159\u00edmo na hampl@gymspk.cz nebo p\u0159ij\u010f konzultovat osobn\u011b.<\/p>\n\n\n\n<h3 class=\"wp-block-heading\">1. Kdo m\u016f\u017ee o grant \u017e\u00e1dat?<\/h3>\n\n\n\n<p>O podporu m\u016f\u017ee \u017e\u00e1dat <strong>ka\u017ed\u00fd student Gymn\u00e1zia \u0160umperk<\/strong> (ni\u017e\u0161\u00edho i vy\u0161\u0161\u00edho gymn\u00e1zia). M\u016f\u017ee\u0161 \u017e\u00e1dat jako jednotlivec, nebo jako t\u00fdm (nap\u0159. cel\u00e1 t\u0159\u00edda nebo skupina kamar\u00e1d\u016f nap\u0159\u00ed\u010d ro\u010dn\u00edky).<\/p>\n\n\n\n<h3 class=\"wp-block-heading\">2. Na co p\u0159esn\u011b m\u016f\u017eu pen\u00edze dostat?<\/h3>\n\n\n\n<p>Na cokoliv, co t\u011b rozv\u00edj\u00ed nad r\u00e1mec b\u011b\u017en\u00e9 v\u00fduky. M\u016f\u017ee to b\u00fdt:<\/p>\n\n\n\n<ul class=\"wp-block-list\">\n<li><strong>V\u011bcn\u00e9 n\u00e1klady:<\/strong> Materi\u00e1l na projekt, odborn\u00e1 literatura, licence na software.<\/li>\n\n\n\n<li><strong>Vzd\u011bl\u00e1v\u00e1n\u00ed:<\/strong> Kurzovn\u00e9 (soft-skills, jazyky, IT), registra\u010dn\u00ed poplatky na sout\u011b\u017ee a konference.<\/li>\n\n\n\n<li><strong>Cestovn\u00e9:<\/strong> Doprava a ubytov\u00e1n\u00ed spojen\u00e9 se st\u00e1\u017e\u00ed, kurzem nebo reprezentac\u00ed \u0161koly.<\/li>\n\n\n\n<li><strong>Akce:<\/strong> N\u00e1klady na uspo\u0159\u00e1d\u00e1n\u00ed v\u00fdstavy, koncertu nebo komunitn\u00edho dne.<\/li>\n<\/ul>\n\n\n\n<h3 class=\"wp-block-heading\">3. Kolik pen\u011bz m\u016f\u017eu z grantu z\u00edskat?<\/h3>\n\n\n\n<p>Maxim\u00e1ln\u00ed v\u00fd\u0161e podpory na jeden projekt nebo aktivitu je <strong>20 000 K\u010d<\/strong>. Granty se obvykle pohybuj\u00ed od jednotek tis\u00edc (nap\u0159. na krat\u0161\u00ed kurzy \u010di n\u00e1kup literatury) a\u017e po zm\u00edn\u011bn\u00fd limit u rozs\u00e1hlej\u0161\u00edch projekt\u016f, zahrani\u010dn\u00edch st\u00e1\u017e\u00ed nebo n\u00e1ro\u010dn\u00fdch workshop\u016f. V \u017e\u00e1dosti se sna\u017e b\u00fdt co nejrealisti\u010dt\u011bj\u0161\u00ed, ale bereme rozpo\u010det v p\u0159ihl\u00e1\u0161ce jako orienta\u010dn\u00ed.<\/p>\n\n\n\n<h3 class=\"wp-block-heading\">4. Je \u017e\u00e1dost slo\u017eit\u00e1? Mus\u00edm ps\u00e1t des\u00edtky stran?<\/h3>\n\n\n\n<p>V\u016fbec ne. Nechceme tebe ani sebe utopit v pap\u00edrov\u00e1n\u00ed. Sta\u010d\u00ed vyplnit n\u00e1\u0161 <a href=\"https:\/\/forms.gle\/RgdSjpEtioaQszmd8\"><strong>online formul\u00e1\u0159<\/strong><\/a>, kde stru\u010dn\u011b pop\u00ed\u0161e\u0161: <strong>Co<\/strong> chce\u0161 d\u011blat, <strong>pro\u010d<\/strong> to chce\u0161 d\u011blat a <strong>kolik<\/strong> to bude st\u00e1t. Cen\u00edme si jasn\u00fdch a konkr\u00e9tn\u00edch n\u00e1pad\u016f.<\/p>\n\n\n\n<h3 class=\"wp-block-heading\">5. Mus\u00edm m\u00edt sam\u00e9 jedni\u010dky, abych grant dostal\/a?<\/h3>\n\n\n\n<p><strong>Ne.<\/strong> Pro n\u00e1s nen\u00ed rozhoduj\u00edc\u00ed tv\u016fj pr\u016fm\u011br v \u017e\u00e1kovsk\u00e9, ale tv\u016fj z\u00e1pal, odvaha zkusit n\u011bco nov\u00e9ho a chu\u0165 na sob\u011b pracovat. Granty jsou tu pro talenty i pro ty, kte\u0159\u00ed se cht\u011bj\u00ed sami posunout ve zvolen\u00e9 aktivit\u011b.<\/p>\n\n\n\n<h3 class=\"wp-block-heading\">6. Jak prob\u00edh\u00e1 schvalov\u00e1n\u00ed?<\/h3>\n\n\n\n<p>Jakmile po\u0161le\u0161 \u017e\u00e1dost, pod\u00edv\u00e1 se na ni Spr\u00e1vn\u00ed rada Nada\u010dn\u00edho fondu. Pozveme t\u011b na kr\u00e1tk\u00e9 setk\u00e1n\u00ed (cca 10-20 min) p\u0159edstaven\u00ed n\u00e1padu, kde si o tom popov\u00edd\u00e1me. Je to pro tebe skv\u011bl\u00fd tr\u00e9nink na budouc\u00ed pohovory!<\/p>\n\n\n\n<h3 class=\"wp-block-heading\">7. Co se stane, kdy\u017e se projekt nepovede podle pl\u00e1nu?<\/h3>\n\n\n\n<p>\u017divot se d\u011bje. Pokud naraz\u00ed\u0161 na probl\u00e9m (zru\u0161en\u00fd kurz, zm\u011bna term\u00ednu), sta\u010d\u00ed s n\u00e1mi v\u010das komunikovat. Hled\u00e1me \u0159e\u0161en\u00ed, ne vin\u00edky. D\u016fle\u017eit\u00e9 je, \u017ee ses o to pokusil\/a a z\u00edskal\/a zku\u0161enost.<\/p>\n\n\n\n<h3 class=\"wp-block-heading\">8. Jak mus\u00edm grant dolo\u017eit (vy\u00fa\u010dtovat)?<\/h3>\n\n\n\n<p>Po skon\u010den\u00ed projektu n\u00e1m po\u0161le\u0161 kr\u00e1tkou zpr\u00e1vu o tom, jak to dopadlo (m\u016f\u017ee to b\u00fdt i fotka nebo video na \u0161koln\u00ed s\u00edt\u011b) a dolo\u017e\u00ed\u0161 doklady o zaplacen\u00ed (\u00fa\u010dtenky, faktury). Je to fajn krok k finan\u010dn\u00ed gramotnosti.<\/p>\n\n\n\n<h3 class=\"wp-block-heading\">9. M\u016f\u017eu \u017e\u00e1dat o grant opakovan\u011b?<\/h3>\n\n\n\n<p>Ano. Pokud jsi \u00fasp\u011b\u0161n\u011b dokon\u010dil\/a jeden projekt nebo kurz, m\u016f\u017ee\u0161 se v dal\u0161\u00edm roce nebo pololet\u00ed uch\u00e1zet o podporu na dal\u0161\u00ed metu. Chceme t\u011b podporovat v tv\u00e9m dlouhodob\u00e9m r\u016fstu.<\/p>\n\n\n\n<h3 class=\"wp-block-heading\">10. Kde m\u00e1m za\u010d\u00edt?<\/h3>\n\n\n\n<p>Pr\u00e1v\u011b te\u010f! Pokud m\u00e1\u0161 n\u00e1pad, o kter\u00e9m pochybuje\u0161, p\u0159ij\u010f se nejd\u0159\u00edv poradit (do kabinetu\/na mail). Pokud m\u00e1\u0161 jasno, klikni na tla\u010d\u00edtko <strong><a href=\"https:\/\/forms.gle\/tZZbJRdGnBcZEoqEA\">\u201eChci \u017e\u00e1dat o grant\u201c<\/a><\/strong> a jdeme na to!<\/p>\n\n\n\n<hr class=\"wp-block-separator has-alpha-channel-opacity\"\/>\n\n\n\n<p><strong>M\u00e1\u0161 n\u00e1pad, kter\u00fd se nevejde do \u017e\u00e1dn\u00e9 \u0161katulky?<\/strong> To je nejlep\u0161\u00ed! Pr\u00e1v\u011b takov\u00e9 projekty n\u00e1s bav\u00ed nejv\u00edc. Napi\u0161 n\u00e1m a vymysl\u00edme, jak to uchopit.<\/p>\n","protected":false},"excerpt":{"rendered":"<p>Tv\u016fj n\u00e1pad. N\u00e1\u0161 impuls. Spole\u010dn\u00fd c\u00edl. M\u00e1\u0161 sen, projekt nebo aktivitu, kter\u00e1 t\u011b posouv\u00e1 d\u00e1l, ale chyb\u00ed ti k n\u00ed &hellip; <\/p>\n","protected":false},"author":1,"featured_media":1328,"parent":0,"menu_order":0,"comment_status":"closed","ping_status":"closed","template":"","meta":{"footnotes":""},"class_list":["post-1276","page","type-page","status-publish","has-post-thumbnail","hentry","latest_post"],"_links":{"self":[{"href":"https:\/\/nadace.gymspk.cz\/index.php?rest_route=\/wp\/v2\/pages\/1276","targetHints":{"allow":["GET"]}}],"collection":[{"href":"https:\/\/nadace.gymspk.cz\/index.php?rest_route=\/wp\/v2\/pages"}],"about":[{"href":"https:\/\/nadace.gymspk.cz\/index.php?rest_route=\/wp\/v2\/types\/page"}],"author":[{"embeddable":true,"href":"https:\/\/nadace.gymspk.cz\/index.php?rest_route=\/wp\/v2\/users\/1"}],"replies":[{"embeddable":true,"href":"https:\/\/nadace.gymspk.cz\/index.php?rest_route=%2Fwp%2Fv2%2Fcomments&post=1276"}],"version-history":[{"count":32,"href":"https:\/\/nadace.gymspk.cz\/index.php?rest_route=\/wp\/v2\/pages\/1276\/revisions"}],"predecessor-version":[{"id":1368,"href":"https:\/\/nadace.gymspk.cz\/index.php?rest_route=\/wp\/v2\/pages\/1276\/revisions\/1368"}],"wp:featuredmedia":[{"embeddable":true,"href":"https:\/\/nadace.gymspk.cz\/index.php?rest_route=\/wp\/v2\/media\/1328"}],"wp:attachment":[{"href":"https:\/\/nadace.gymspk.cz\/index.php?rest_route=%2Fwp%2Fv2%2Fmedia&parent=1276"}],"curies":[{"name":"wp","href":"https:\/\/api.w.org\/{rel}","templated":true}]}}