{"id":1408,"date":"2026-03-12T17:14:31","date_gmt":"2026-03-12T16:14:31","guid":{"rendered":"https:\/\/nadace.gymspk.cz\/?page_id=1408"},"modified":"2026-03-12T17:14:32","modified_gmt":"2026-03-12T16:14:32","slug":"gymspeak-podpora-jazykovych-certifikatu","status":"publish","type":"page","link":"https:\/\/nadace.gymspk.cz\/?page_id=1408","title":{"rendered":"GymSPeaK &#8211; podpora jazykov\u00fdch certifik\u00e1t\u016f"},"content":{"rendered":"\n<p>Rozj\u00ed\u017ed\u00edme letos\u00a0<strong>finan\u010dn\u00ed podporu z Nada\u010dn\u00edho fondu na jazykov\u00e9 certifik\u00e1ty<\/strong>\u00a0a k tomu i\u00a0<strong>pravideln\u00e9 p\u0159\u00edpravn\u00e9 lekce<\/strong> v jednotliv\u00fdch jazyc\u00edch.<\/p>\n\n\n\n<h2 class=\"wp-block-heading\"><strong>Finan\u010dn\u00ed podpora na platbu za certifik\u00e1t z Nada\u010dn\u00edho fondu<\/strong><\/h2>\n\n\n\n<p>\u00da\u010dast na certifik\u00e1tu je podpo\u0159eno p\u0159\u00edsp\u011bvkem Nada\u010dn\u00edho fondu p\u0159i Gymn\u00e1ziu \u0160umperk a to n\u00e1sleduj\u00edc\u00edm zp\u016fsobem:<\/p>\n\n\n\n<ul class=\"wp-block-list\">\n<li>Bez \u00fa\u010dasti v sout\u011b\u017ei\u2026\u2026\u2026\u2026\u2026\u2026&#8230;&#8230;..20%<\/li>\n\n\n\n<li>\u00da\u010dast ve \u0161koln\u00edm kole sout\u011b\u017ee &#8230;.30%\u00a0<\/li>\n\n\n\n<li>\u00da\u010dast v okresn\u00edm kole &#8230;&#8230;&#8230;&#8230;&#8230;&#8230;&#8230;40%<\/li>\n\n\n\n<li>\u00da\u010dast v krajsk\u00e9m kole&#8230;&#8230;&#8230;&#8230;&#8230;&#8230;&#8230;..50%<\/li>\n\n\n\n<li>\u00da\u010dast v republikov\u00e9m kole&#8230;&#8230;&#8230;&#8230;100% \u010d\u00e1stky za certifik\u00e1t.<\/li>\n<\/ul>\n\n\n\n<div class=\"wp-block-buttons is-layout-flex wp-block-buttons-is-layout-flex\">\n<div class=\"wp-block-button\"><a class=\"wp-block-button__link has-background wp-element-button\" href=\"https:\/\/docs.google.com\/forms\/d\/e\/1FAIpQLSfwEh1bwRGUeScdApeprXgkW4n1F4qzO1gWGSC9GBFbm7DnQw\/viewform?usp=dialog\" style=\"background-color:#487e97\" target=\"_blank\" rel=\"noreferrer noopener\">\u017d\u00e1dost o p\u0159\u00edsp\u011bvek na jazykov\u00fd certifik\u00e1t<\/a><\/div>\n<\/div>\n\n\n\n<div style=\"height:25px\" aria-hidden=\"true\" class=\"wp-block-spacer\"><\/div>\n\n\n\n<div class=\"wp-block-media-text has-media-on-the-right is-stacked-on-mobile is-image-fill-element\"><div class=\"wp-block-media-text__content\">\n<p>Program GymSPeaK nab\u00edz\u00edme student\u016fm d\u00edky spolupr\u00e1ci se spole\u010dnost\u00ed <strong>Net service solution, s.r.o.<\/strong><\/p>\n\n\n\n<p><strong>D\u011bkujeme, \u017ee do toho jdete s n\u00e1mi!<\/strong><\/p>\n<\/div><figure class=\"wp-block-media-text__media\"><img fetchpriority=\"high\" decoding=\"async\" width=\"576\" height=\"1024\" src=\"https:\/\/nadace.gymspk.cz\/wp-content\/uploads\/2025\/11\/Net-service-solution-bily-obdelnik-576x1024.png\" alt=\"\" class=\"wp-image-1382 size-full\" style=\"object-position:50% 50%\" srcset=\"https:\/\/nadace.gymspk.cz\/wp-content\/uploads\/2025\/11\/Net-service-solution-bily-obdelnik-576x1024.png 576w, https:\/\/nadace.gymspk.cz\/wp-content\/uploads\/2025\/11\/Net-service-solution-bily-obdelnik-169x300.png 169w, https:\/\/nadace.gymspk.cz\/wp-content\/uploads\/2025\/11\/Net-service-solution-bily-obdelnik-768x1365.png 768w, https:\/\/nadace.gymspk.cz\/wp-content\/uploads\/2025\/11\/Net-service-solution-bily-obdelnik-864x1536.png 864w, https:\/\/nadace.gymspk.cz\/wp-content\/uploads\/2025\/11\/Net-service-solution-bily-obdelnik.png 1080w\" sizes=\"(max-width: 576px) 100vw, 576px\" \/><\/figure><\/div>\n\n\n\n<figure class=\"wp-block-image size-full is-resized is-style-default\"><img decoding=\"async\" width=\"1024\" height=\"549\" src=\"https:\/\/nadace.gymspk.cz\/wp-content\/uploads\/2025\/11\/Common-european-framework-final-1-1078x578-1024x549-1.webp\" alt=\"\" class=\"wp-image-1377\" style=\"aspect-ratio:1.498659604017958;width:621px;height:auto\" srcset=\"https:\/\/nadace.gymspk.cz\/wp-content\/uploads\/2025\/11\/Common-european-framework-final-1-1078x578-1024x549-1.webp 1024w, https:\/\/nadace.gymspk.cz\/wp-content\/uploads\/2025\/11\/Common-european-framework-final-1-1078x578-1024x549-1-300x161.webp 300w, https:\/\/nadace.gymspk.cz\/wp-content\/uploads\/2025\/11\/Common-european-framework-final-1-1078x578-1024x549-1-768x412.webp 768w\" sizes=\"(max-width: 1024px) 100vw, 1024px\" \/><\/figure>\n","protected":false},"excerpt":{"rendered":"<p>Rozj\u00ed\u017ed\u00edme letos\u00a0finan\u010dn\u00ed podporu z Nada\u010dn\u00edho fondu na jazykov\u00e9 certifik\u00e1ty\u00a0a k tomu i\u00a0pravideln\u00e9 p\u0159\u00edpravn\u00e9 lekce v jednotliv\u00fdch jazyc\u00edch. Finan\u010dn\u00ed podpora na &hellip; <\/p>\n","protected":false},"author":1,"featured_media":0,"parent":0,"menu_order":0,"comment_status":"closed","ping_status":"closed","template":"","meta":{"footnotes":""},"class_list":["post-1408","page","type-page","status-publish","hentry","latest_post"],"_links":{"self":[{"href":"https:\/\/nadace.gymspk.cz\/index.php?rest_route=\/wp\/v2\/pages\/1408","targetHints":{"allow":["GET"]}}],"collection":[{"href":"https:\/\/nadace.gymspk.cz\/index.php?rest_route=\/wp\/v2\/pages"}],"about":[{"href":"https:\/\/nadace.gymspk.cz\/index.php?rest_route=\/wp\/v2\/types\/page"}],"author":[{"embeddable":true,"href":"https:\/\/nadace.gymspk.cz\/index.php?rest_route=\/wp\/v2\/users\/1"}],"replies":[{"embeddable":true,"href":"https:\/\/nadace.gymspk.cz\/index.php?rest_route=%2Fwp%2Fv2%2Fcomments&post=1408"}],"version-history":[{"count":1,"href":"https:\/\/nadace.gymspk.cz\/index.php?rest_route=\/wp\/v2\/pages\/1408\/revisions"}],"predecessor-version":[{"id":1409,"href":"https:\/\/nadace.gymspk.cz\/index.php?rest_route=\/wp\/v2\/pages\/1408\/revisions\/1409"}],"wp:attachment":[{"href":"https:\/\/nadace.gymspk.cz\/index.php?rest_route=%2Fwp%2Fv2%2Fmedia&parent=1408"}],"curies":[{"name":"wp","href":"https:\/\/api.w.org\/{rel}","templated":true}]}}